{"id":2532,"date":"2024-03-10T18:26:10","date_gmt":"2024-03-11T00:26:10","guid":{"rendered":"https:\/\/brazucan.com\/index.php\/product\/luminate-me-body-butter-whipped-body-butter-created-for-melanin-rich-skin-provides-24-hour-moisturization-for-dry-skin-11-oz\/"},"modified":"2024-03-10T18:26:10","modified_gmt":"2024-03-11T00:26:10","slug":"luminate-me-body-butter-whipped-body-butter-created-for-melanin-rich-skin-provides-24-hour-moisturization-for-dry-skin-11-oz","status":"publish","type":"product","link":"http:\/\/brazucan.com\/index.php\/product\/luminate-me-body-butter-whipped-body-butter-created-for-melanin-rich-skin-provides-24-hour-moisturization-for-dry-skin-11-oz\/","title":{"rendered":"luminate Me Body Butter Whipped Body Butter Created For Melanin Rich Skin Provides 24 Hour Moisturization For Dry Skin 11 oz"},"content":{"rendered":"<p><br \/>\nPrice: <span style=\"color:#b12704\"><del>$36.12<\/del> - $28.71<\/span><br \/><i><small>(as of Mar 11, 2024 00:26:10 UTC &#8211; <span class=\"wp_automatic_amazon_disclaimer\" title=\"Product prices and availability are accurate as of the date\/time indicated and are subject to change. Any price and availability information displayed on [relevant Amazon Site(s), as applicable] at the time of purchase will apply to the purchase of this product.\">Details<\/span>)<\/small><\/i><\/p>\n<p><a href=\"https:\/\/www.amazon.ca\/gp\/aws\/cart\/add.html?AssociateTag=brazucan-20&#038;ASIN.1=B089N6B4ST&#038;Quantity.1=1&#038;SubscriptionId=\"><img decoding=\"async\" src=\"https:\/\/valvepress.s3.amazonaws.com\/imgs\/buy_now.png\"><\/a><br \/>\n<br \/>\n <span>luminate Me Body Butter Whipped Body Butter Created For Melanin Rich Skin Provides 24 Hour Moisturization For Dry Skin 11 oz Luminate Me Beurre corporel fouett\u00e9 cr\u00e9\u00e9 pour les peaux riches en m\u00e9lanine fournit une hydratation 24 heures pour les peaux s\u00e8ches 325 ml<\/span>  <br \/> Product Dimensions                                    \u200f                                        :                                    \u200e                                 9.47 x 9.47 x 6.99 cm; 311.84 Grams <br \/> Date First Available                                    \u200f                                        :                                    \u200e                                 Aug. 7 2023 <br \/> ASIN                                    \u200f                                        :                                    \u200e                                 B089N6B4ST <br \/> Item model number                                    \u200f                                        :                                    \u200e                                 04506 <\/p>\n\n","protected":false},"excerpt":{"rendered":"<p> <span>luminate Me Body Butter Whipped Body Butter Created For Melanin Rich Skin Provides 24 Hour Moisturization For Dry Skin 11 oz Luminate Me Beurre corporel fouett\u00e9 cr\u00e9\u00e9 pour les peaux riches en m\u00e9lanine fournit une hydratation 24 heures pour les peaux s\u00e8ches 325 ml<\/span>  <br \/> Product Dimensions                                    \u200f                                        :                                    \u200e                                 9.47 x 9.47 x 6.99 cm; 311.84 Grams <br \/> Date First Available                                    \u200f                                        :                                    \u200e                                 Aug. 7 2023 <br \/> ASIN                                    \u200f                                        :                                    \u200e                                 B089N6B4ST <br \/> Item model number                                    \u200f                                        :                                    \u200e                                 04506 <\/p>\n","protected":false},"featured_media":2533,"comment_status":"open","ping_status":"closed","template":"","meta":{"_gspb_post_css":""},"store":[],"product_cat":[33],"product_tag":[60],"class_list":{"0":"post-2532","1":"product","2":"type-product","3":"status-publish","4":"has-post-thumbnail","6":"product_cat-body-skin-care-products","7":"product_tag-body-skin-care-products","9":"first","10":"instock","11":"sale","12":"shipping-taxable","13":"product-type-external"},"jetpack_sharing_enabled":true,"_links":{"self":[{"href":"http:\/\/brazucan.com\/index.php\/wp-json\/wp\/v2\/product\/2532","targetHints":{"allow":["GET"]}}],"collection":[{"href":"http:\/\/brazucan.com\/index.php\/wp-json\/wp\/v2\/product"}],"about":[{"href":"http:\/\/brazucan.com\/index.php\/wp-json\/wp\/v2\/types\/product"}],"replies":[{"embeddable":true,"href":"http:\/\/brazucan.com\/index.php\/wp-json\/wp\/v2\/comments?post=2532"}],"wp:featuredmedia":[{"embeddable":true,"href":"http:\/\/brazucan.com\/index.php\/wp-json\/wp\/v2\/media\/2533"}],"wp:attachment":[{"href":"http:\/\/brazucan.com\/index.php\/wp-json\/wp\/v2\/media?parent=2532"}],"wp:term":[{"taxonomy":"store","embeddable":true,"href":"http:\/\/brazucan.com\/index.php\/wp-json\/wp\/v2\/store?post=2532"},{"taxonomy":"product_cat","embeddable":true,"href":"http:\/\/brazucan.com\/index.php\/wp-json\/wp\/v2\/product_cat?post=2532"},{"taxonomy":"product_tag","embeddable":true,"href":"http:\/\/brazucan.com\/index.php\/wp-json\/wp\/v2\/product_tag?post=2532"}],"curies":[{"name":"wp","href":"https:\/\/api.w.org\/{rel}","templated":true}]}}