{"id":3907,"date":"2024-03-13T01:14:15","date_gmt":"2024-03-13T07:14:15","guid":{"rendered":"https:\/\/brazucan.com\/index.php\/product\/fancy-feast-wet-cat-food-seafood-supper-pate-variety-pack-85-g-cans-24-pack\/"},"modified":"2024-03-13T01:14:15","modified_gmt":"2024-03-13T07:14:15","slug":"fancy-feast-wet-cat-food-seafood-supper-pate-variety-pack-85-g-cans-24-pack","status":"publish","type":"product","link":"http:\/\/brazucan.com\/index.php\/product\/fancy-feast-wet-cat-food-seafood-supper-pate-variety-pack-85-g-cans-24-pack\/","title":{"rendered":"Fancy Feast Wet Cat Food, Seafood Supper P\u00e2t\u00e9 Variety Pack 85 g Cans (24 pack)"},"content":{"rendered":"<p><br \/>\nPrice: <span style=\"color:#b12704\">$21.47<\/span><br \/><i><small>(as of Mar 13, 2024 07:14:15 UTC &#8211; <span class=\"wp_automatic_amazon_disclaimer\" title=\"Product prices and availability are accurate as of the date\/time indicated and are subject to change. Any price and availability information displayed on [relevant Amazon Site(s), as applicable] at the time of purchase will apply to the purchase of this product.\">Details<\/span>)<\/small><\/i><\/p>\n<p><a href=\"https:\/\/www.amazon.ca\/gp\/aws\/cart\/add.html?AssociateTag=brazucan-20&#038;ASIN.1=B079NF492M&#038;Quantity.1=1&#038;SubscriptionId=\"><img decoding=\"async\" src=\"https:\/\/valvepress.s3.amazonaws.com\/imgs\/buy_now.png\"><\/a><br \/>\n<br \/>\n <span>Ajoutez un peu de vari\u00e9t\u00e9 \u00e0 l\u2019alimentation de votre chat en lui servant en alternance les trois d\u00e9licieuses saveurs de fruits de mer de l\u2019assortiment de nourriture humide pour chats Purina Fancy\u00a0Feast P\u00e2t\u00e9 Festin aux fruits de mer. Cette nourriture \u00e0 la texture velout\u00e9e du p\u00e2t\u00e9 est faite de vrais fruits de mer et offerte en trois saveurs qui feront saliver votre chat: Festin de morue, de sole et de crevettes, Festin de poisson blanc et de thon et Festin de saumon. Chaque bo\u00eete de nourriture compl\u00e8te et \u00e9quilibr\u00e9e \u00e0 100\u00a0% lui offre le repas gastronomique qu\u2019il recherche, ainsi que des vitamines et min\u00e9raux essentiels pour le garder en sant\u00e9. Votre chat adorera les ingr\u00e9dients de haute qualit\u00e9 de la recette, et vous pourrez \u00eatre fier de lui servir un repas sain qui l\u2019aide \u00e0 mener un style de vie actif \u00e0 l\u2019\u00e2ge adulte.<\/span>  <br \/> Product Dimensions                                    \u200f                                        :                                    \u200e                                 13.3 x 20 x 15.7 cm; 2.04 Kilograms <br \/> Date First Available                                    \u200f                                        :                                    \u200e                                 March 1 2018 <br \/> Manufacturer                                    \u200f                                        :                                    \u200e                                 Nestle Purina Pet Care <br \/> Place of Business                                    \u200f                                        :                                    \u200e                                 SAINT LOUIS, MO, 63164 US <br \/> ASIN                                    \u200f                                        :                                    \u200e                                 B079NF492M <br \/> Item model number                                    \u200f                                        :                                    \u200e                                 00055800322692 <br \/> Country of origin                                    \u200f                                        :                                    \u200e                                 Canada <\/p>\n<p>De d\u00e9licieuses saveurs de fruits de mer que les chats adorent<br \/>Formules de nourriture humide pour chats sans grains<br \/>Nourriture compl\u00e8te et \u00e9quilibr\u00e9e \u00e0 100 % pour chats adultes<br \/>Assortiment de p\u00e2t\u00e9s aux fruits de mer finement hach\u00e9s et d\u00e9licieusement velout\u00e9s<br \/>Bo\u00eetes recyclables \u00e9cologiques<br \/>\n<br \/><\/p>\n","protected":false},"excerpt":{"rendered":"<p> <span>Ajoutez un peu de vari\u00e9t\u00e9 \u00e0 l\u2019alimentation de votre chat en lui servant en alternance les trois d\u00e9licieuses saveurs de fruits de mer de l\u2019assortiment de nourriture humide pour chats Purina Fancy\u00a0Feast P\u00e2t\u00e9 Festin aux fruits de mer. Cette nourriture \u00e0 la texture velout\u00e9e du p\u00e2t\u00e9 est faite de vrais fruits de mer et offerte en trois saveurs qui feront saliver votre chat: Festin de morue, de sole et de crevettes, Festin de poisson blanc et de thon et Festin de saumon. Chaque bo\u00eete de nourriture compl\u00e8te et \u00e9quilibr\u00e9e \u00e0 100\u00a0% lui offre le repas gastronomique qu\u2019il recherche, ainsi que des vitamines et min\u00e9raux essentiels pour le garder en sant\u00e9. Votre chat adorera les ingr\u00e9dients de haute qualit\u00e9 de la recette, et vous pourrez \u00eatre fier de lui servir un repas sain qui l\u2019aide \u00e0 mener un style de vie actif \u00e0 l\u2019\u00e2ge adulte.<\/span>  <br \/> Product Dimensions                                    \u200f                                        :                                    \u200e                                 13.3 x 20 x 15.7 cm; 2.04 Kilograms <br \/> Date First Available                                    \u200f                                        :                                    \u200e                                 March 1 2018 <br \/> Manufacturer                                    \u200f                                        :                                    \u200e                                 Nestle Purina Pet Care <br \/> Place of Business                                    \u200f                                        :                                    \u200e                                 SAINT LOUIS, MO, 63164 US <br \/> ASIN                                    \u200f                                        :                                    \u200e                                 B079NF492M <br \/> Item model number                                    \u200f                                        :                                    \u200e                                 00055800322692 <br \/> Country of origin                                    \u200f                                        :                                    \u200e                                 Canada <\/p>\n<p>De d\u00e9licieuses saveurs de fruits de mer que les chats adorent<br \/>Formules de nourriture humide pour chats sans grains<br \/>Nourriture compl\u00e8te et \u00e9quilibr\u00e9e \u00e0 100 % pour chats adultes<br \/>Assortiment de p\u00e2t\u00e9s aux fruits de mer finement hach\u00e9s et d\u00e9licieusement velout\u00e9s<br \/>Bo\u00eetes recyclables \u00e9cologiques<\/p>\n","protected":false},"featured_media":3908,"comment_status":"open","ping_status":"closed","template":"","meta":{"_gspb_post_css":""},"store":[],"product_cat":[20],"product_tag":[56],"class_list":{"0":"post-3907","1":"product","2":"type-product","3":"status-publish","4":"has-post-thumbnail","6":"product_cat-pet-food","7":"product_tag-pet-food","9":"first","10":"instock","11":"shipping-taxable","12":"product-type-external"},"jetpack_sharing_enabled":true,"_links":{"self":[{"href":"http:\/\/brazucan.com\/index.php\/wp-json\/wp\/v2\/product\/3907","targetHints":{"allow":["GET"]}}],"collection":[{"href":"http:\/\/brazucan.com\/index.php\/wp-json\/wp\/v2\/product"}],"about":[{"href":"http:\/\/brazucan.com\/index.php\/wp-json\/wp\/v2\/types\/product"}],"replies":[{"embeddable":true,"href":"http:\/\/brazucan.com\/index.php\/wp-json\/wp\/v2\/comments?post=3907"}],"wp:featuredmedia":[{"embeddable":true,"href":"http:\/\/brazucan.com\/index.php\/wp-json\/wp\/v2\/media\/3908"}],"wp:attachment":[{"href":"http:\/\/brazucan.com\/index.php\/wp-json\/wp\/v2\/media?parent=3907"}],"wp:term":[{"taxonomy":"store","embeddable":true,"href":"http:\/\/brazucan.com\/index.php\/wp-json\/wp\/v2\/store?post=3907"},{"taxonomy":"product_cat","embeddable":true,"href":"http:\/\/brazucan.com\/index.php\/wp-json\/wp\/v2\/product_cat?post=3907"},{"taxonomy":"product_tag","embeddable":true,"href":"http:\/\/brazucan.com\/index.php\/wp-json\/wp\/v2\/product_tag?post=3907"}],"curies":[{"name":"wp","href":"https:\/\/api.w.org\/{rel}","templated":true}]}}