{"id":3961,"date":"2024-03-13T10:46:30","date_gmt":"2024-03-13T16:46:30","guid":{"rendered":"https:\/\/brazucan.com\/index.php\/product\/itchy-skin-relief-for-dogs-cats-and-pets-use-as-wound-wash-for-skin-health-spray-for-pets-dogs-cats-perfect-for-dog-first-aid-kit-by-microcynah-120-ml\/"},"modified":"2024-03-13T10:46:30","modified_gmt":"2024-03-13T16:46:30","slug":"itchy-skin-relief-for-dogs-cats-and-pets-use-as-wound-wash-for-skin-health-spray-for-pets-dogs-cats-perfect-for-dog-first-aid-kit-by-microcynah-120-ml","status":"publish","type":"product","link":"http:\/\/brazucan.com\/index.php\/product\/itchy-skin-relief-for-dogs-cats-and-pets-use-as-wound-wash-for-skin-health-spray-for-pets-dogs-cats-perfect-for-dog-first-aid-kit-by-microcynah-120-ml\/","title":{"rendered":"Itchy Skin Relief for Dogs Cats and Pets &#8211; Use as Wound Wash for Skin &#8211; Health Spray for Pets, Dogs, Cats, Perfect for Dog First Aid Kit by MicrocynAH (120 ml)"},"content":{"rendered":"<p><br \/>\nPrice: <span style=\"color:#b12704\">$24.99<\/span><br \/><i><small>(as of Mar 13, 2024 16:46:31 UTC &#8211; <span class=\"wp_automatic_amazon_disclaimer\" title=\"Product prices and availability are accurate as of the date\/time indicated and are subject to change. Any price and availability information displayed on [relevant Amazon Site(s), as applicable] at the time of purchase will apply to the purchase of this product.\">Details<\/span>)<\/small><\/i><\/p>\n<p><a href=\"https:\/\/www.amazon.ca\/gp\/aws\/cart\/add.html?AssociateTag=brazucan-20&#038;ASIN.1=B09XC2QGBR&#038;Quantity.1=1&#038;SubscriptionId=\"><img decoding=\"async\" src=\"https:\/\/valvepress.s3.amazonaws.com\/imgs\/buy_now.png\"><\/a><br \/>\n<br \/>\n <span>EN: RECOMMENDED USE: A comprehensive skin function product that helps to optimize and improve skin health. Promotes and maintains the health and function of the skin by supporting the body&#8217;s natural defenses. Recommended by veterinarians for all breeds and weight ranges. <br \/>FR : UTILISATION RECOMMAND\u00c9E: Un produit complet pour les fonctions de la peau qui aide \u00e0 optimiser et \u00e0 am\u00e9liorer la sant\u00e9 de la peau. Favorise et maintient la sant\u00e9 et la fonction de la peau en soutenant les d\u00e9fenses naturelles du corps. Recommand\u00e9 par les v\u00e9t\u00e9rinaires pour toutes les races et gammes de poids.<\/span>  <br \/> Parcel Dimensions                                    \u200f                                        :                                    \u200e                                 14.1 x 4.2 x 4.1 cm; 150 Grams <br \/> Date First Available                                    \u200f                                        :                                    \u200e                                 April 6 2022 <br \/> Manufacturer                                    \u200f                                        :                                    \u200e                                 Oculus Technologies of Mexico S.A. de C.V. <br \/> ASIN                                    \u200f                                        :                                    \u200e                                 B09XC2QGBR <br \/> Item model number                                    \u200f                                        :                                    \u200e                                 M2004 NA <\/p>\n<p>FAST ACTING PET WOUND AND SKIN CARE &#8211; MicrocynAH is an immediate acting, one-step topical hypochlorous acid (HOCl) solution for the care of pet wounds and skin irritations.<br \/>USEFUL FOR: skin ulcers, abrasions, lacerations, burns, cuts, rashes and post surgery conditions.<br \/>PROMOTES HEALING &#8211; our proprietary formula uses hypochlorous acid (HOCI), the active ingredient naturally produced in the body to combat infections and is a chemical signal for the body to promote healing. Safe if licked or ingested.<br \/>CERTIFIED AND REPUTABLE &#8211; MicrocynAH is a highly stable, safe and consistent formulation. With 53 patents worldwide and FDA approval, you can trust your pets recovery with us.<br \/>\n<br \/><\/p>\n","protected":false},"excerpt":{"rendered":"<p> <span>EN: RECOMMENDED USE: A comprehensive skin function product that helps to optimize and improve skin health. Promotes and maintains the health and function of the skin by supporting the body&#8217;s natural defenses. Recommended by veterinarians for all breeds and weight ranges. <br \/>FR : UTILISATION RECOMMAND\u00c9E: Un produit complet pour les fonctions de la peau qui aide \u00e0 optimiser et \u00e0 am\u00e9liorer la sant\u00e9 de la peau. Favorise et maintient la sant\u00e9 et la fonction de la peau en soutenant les d\u00e9fenses naturelles du corps. Recommand\u00e9 par les v\u00e9t\u00e9rinaires pour toutes les races et gammes de poids.<\/span>  <br \/> Parcel Dimensions                                    \u200f                                        :                                    \u200e                                 14.1 x 4.2 x 4.1 cm; 150 Grams <br \/> Date First Available                                    \u200f                                        :                                    \u200e                                 April 6 2022 <br \/> Manufacturer                                    \u200f                                        :                                    \u200e                                 Oculus Technologies of Mexico S.A. de C.V. <br \/> ASIN                                    \u200f                                        :                                    \u200e                                 B09XC2QGBR <br \/> Item model number                                    \u200f                                        :                                    \u200e                                 M2004 NA <\/p>\n<p>FAST ACTING PET WOUND AND SKIN CARE &#8211; MicrocynAH is an immediate acting, one-step topical hypochlorous acid (HOCl) solution for the care of pet wounds and skin irritations.<br \/>USEFUL FOR: skin ulcers, abrasions, lacerations, burns, cuts, rashes and post surgery conditions.<br \/>PROMOTES HEALING &#8211; our proprietary formula uses hypochlorous acid (HOCI), the active ingredient naturally produced in the body to combat infections and is a chemical signal for the body to promote healing. Safe if licked or ingested.<br \/>CERTIFIED AND REPUTABLE &#8211; MicrocynAH is a highly stable, safe and consistent formulation. With 53 patents worldwide and FDA approval, you can trust your pets recovery with us.<\/p>\n","protected":false},"featured_media":3962,"comment_status":"open","ping_status":"closed","template":"","meta":{"_gspb_post_css":""},"store":[],"product_cat":[21],"product_tag":[55],"class_list":{"0":"post-3961","1":"product","2":"type-product","3":"status-publish","4":"has-post-thumbnail","6":"product_cat-pet-medicine","7":"product_tag-pet-medicine","9":"first","10":"instock","11":"shipping-taxable","12":"product-type-external"},"jetpack_sharing_enabled":true,"_links":{"self":[{"href":"http:\/\/brazucan.com\/index.php\/wp-json\/wp\/v2\/product\/3961","targetHints":{"allow":["GET"]}}],"collection":[{"href":"http:\/\/brazucan.com\/index.php\/wp-json\/wp\/v2\/product"}],"about":[{"href":"http:\/\/brazucan.com\/index.php\/wp-json\/wp\/v2\/types\/product"}],"replies":[{"embeddable":true,"href":"http:\/\/brazucan.com\/index.php\/wp-json\/wp\/v2\/comments?post=3961"}],"wp:featuredmedia":[{"embeddable":true,"href":"http:\/\/brazucan.com\/index.php\/wp-json\/wp\/v2\/media\/3962"}],"wp:attachment":[{"href":"http:\/\/brazucan.com\/index.php\/wp-json\/wp\/v2\/media?parent=3961"}],"wp:term":[{"taxonomy":"store","embeddable":true,"href":"http:\/\/brazucan.com\/index.php\/wp-json\/wp\/v2\/store?post=3961"},{"taxonomy":"product_cat","embeddable":true,"href":"http:\/\/brazucan.com\/index.php\/wp-json\/wp\/v2\/product_cat?post=3961"},{"taxonomy":"product_tag","embeddable":true,"href":"http:\/\/brazucan.com\/index.php\/wp-json\/wp\/v2\/product_tag?post=3961"}],"curies":[{"name":"wp","href":"https:\/\/api.w.org\/{rel}","templated":true}]}}