{"id":4137,"date":"2024-03-13T14:31:35","date_gmt":"2024-03-13T20:31:35","guid":{"rendered":"https:\/\/brazucan.com\/index.php\/product\/fancy-feast-kitten-wet-kitten-food-variety-pack-85-g-12-pack\/"},"modified":"2024-03-13T14:31:35","modified_gmt":"2024-03-13T20:31:35","slug":"fancy-feast-kitten-wet-kitten-food-variety-pack-85-g-12-pack","status":"publish","type":"product","link":"http:\/\/brazucan.com\/index.php\/product\/fancy-feast-kitten-wet-kitten-food-variety-pack-85-g-12-pack\/","title":{"rendered":"Fancy Feast Kitten Wet Kitten Food Variety Pack, 85 g (12 pack)"},"content":{"rendered":"<p><br \/>\nPrice: <span style=\"color:#b12704\">$10.77<\/span><br \/><i><small>(as of Mar 13, 2024 20:31:36 UTC &#8211; <span class=\"wp_automatic_amazon_disclaimer\" title=\"Product prices and availability are accurate as of the date\/time indicated and are subject to change. Any price and availability information displayed on [relevant Amazon Site(s), as applicable] at the time of purchase will apply to the purchase of this product.\">Details<\/span>)<\/small><\/i><\/p>\n<p><a href=\"https:\/\/www.amazon.ca\/gp\/aws\/cart\/add.html?AssociateTag=brazucan-20&#038;ASIN.1=B07Q457SNV&#038;Quantity.1=1&#038;SubscriptionId=\"><img decoding=\"async\" src=\"https:\/\/valvepress.s3.amazonaws.com\/imgs\/buy_now.png\"><\/a><br \/>\n<br \/>\n <span>Offrez \u00e0 votre chaton la base n\u00e9cessaire pour une alimentation saine et une vie en sant\u00e9 en lui servant les d\u00e9licieux choix de repas compris dans l\u2019assortiment de nourriture humide pour chatons Purina Fancy\u00a0Feast. Les deux saveurs comprises dans cet emballage sont faites avec des sources de prot\u00e9ines de haute qualit\u00e9 comme premier ingr\u00e9dient, comme de la vraie dinde ou du vrai poisson blanc, afin de vous puissiez servir une nourriture humide compl\u00e8te et \u00e9quilibr\u00e9e \u00e0 100\u00a0% \u00e0 votre chat en toute qui\u00e9tude. Votre chaton raffolera du go\u00fbt de la vraie dinde ou du vrai poisson blanc de ces recettes. Servez \u00e0 votre chaton environ le tiers d\u2019une bo\u00eete par repas, en augmentant ses portions \u00e0 mesure qu\u2019il grandit pour l\u2019aider \u00e0 conserver un poids-sant\u00e9. Les nourritures de cet assortiment contiennent des vitamines et min\u00e9raux essentiels pour favoriser le bien-\u00eatre g\u00e9n\u00e9ral de votre chaton et l\u2019aider \u00e0 mener une vie saine et active.<\/span>  <br \/> Parcel Dimensions                                    \u200f                                        :                                    \u200e                                 20.1 x 13.6 x 8 cm; 925.33 Grams <br \/> Date First Available                                    \u200f                                        :                                    \u200e                                 March 28 2019 <br \/> Manufacturer                                    \u200f                                        :                                    \u200e                                 Nestle Purina Pet Care <br \/> Place of Business                                    \u200f                                        :                                    \u200e                                 SAINT LOUIS, MO, 63164 US <br \/> ASIN                                    \u200f                                        :                                    \u200e                                 B07Q457SNV <br \/> Item model number                                    \u200f                                        :                                    \u200e                                 00055800336088 <br \/> Country of origin                                    \u200f                                        :                                    \u200e                                 Canada <\/p>\n<p>Faite avec des sources de prot\u00e9ines de haute qualit\u00e9 comme 1er ingr\u00e9dient, comme de la vraie dinde ou du vrai poisson de mer blanc<br \/>De d\u00e9licieuses saveurs que les chatons adorent<br \/>Nourriture compl\u00e8te et \u00e9quilibr\u00e9e \u00e0 100 % pour chatons<br \/>Formul\u00e9e pour respecter les normes nutritionnelles de l\u2019AAFCO pour la croissance des chatons<br \/>Contient des vitamines et min\u00e9raux essentiels<br \/>\n<br \/><\/p>\n","protected":false},"excerpt":{"rendered":"<p> <span>Offrez \u00e0 votre chaton la base n\u00e9cessaire pour une alimentation saine et une vie en sant\u00e9 en lui servant les d\u00e9licieux choix de repas compris dans l\u2019assortiment de nourriture humide pour chatons Purina Fancy\u00a0Feast. Les deux saveurs comprises dans cet emballage sont faites avec des sources de prot\u00e9ines de haute qualit\u00e9 comme premier ingr\u00e9dient, comme de la vraie dinde ou du vrai poisson blanc, afin de vous puissiez servir une nourriture humide compl\u00e8te et \u00e9quilibr\u00e9e \u00e0 100\u00a0% \u00e0 votre chat en toute qui\u00e9tude. Votre chaton raffolera du go\u00fbt de la vraie dinde ou du vrai poisson blanc de ces recettes. Servez \u00e0 votre chaton environ le tiers d\u2019une bo\u00eete par repas, en augmentant ses portions \u00e0 mesure qu\u2019il grandit pour l\u2019aider \u00e0 conserver un poids-sant\u00e9. Les nourritures de cet assortiment contiennent des vitamines et min\u00e9raux essentiels pour favoriser le bien-\u00eatre g\u00e9n\u00e9ral de votre chaton et l\u2019aider \u00e0 mener une vie saine et active.<\/span>  <br \/> Parcel Dimensions                                    \u200f                                        :                                    \u200e                                 20.1 x 13.6 x 8 cm; 925.33 Grams <br \/> Date First Available                                    \u200f                                        :                                    \u200e                                 March 28 2019 <br \/> Manufacturer                                    \u200f                                        :                                    \u200e                                 Nestle Purina Pet Care <br \/> Place of Business                                    \u200f                                        :                                    \u200e                                 SAINT LOUIS, MO, 63164 US <br \/> ASIN                                    \u200f                                        :                                    \u200e                                 B07Q457SNV <br \/> Item model number                                    \u200f                                        :                                    \u200e                                 00055800336088 <br \/> Country of origin                                    \u200f                                        :                                    \u200e                                 Canada <\/p>\n<p>Faite avec des sources de prot\u00e9ines de haute qualit\u00e9 comme 1er ingr\u00e9dient, comme de la vraie dinde ou du vrai poisson de mer blanc<br \/>De d\u00e9licieuses saveurs que les chatons adorent<br \/>Nourriture compl\u00e8te et \u00e9quilibr\u00e9e \u00e0 100 % pour chatons<br \/>Formul\u00e9e pour respecter les normes nutritionnelles de l\u2019AAFCO pour la croissance des chatons<br \/>Contient des vitamines et min\u00e9raux essentiels<\/p>\n","protected":false},"featured_media":4138,"comment_status":"open","ping_status":"closed","template":"","meta":{"_gspb_post_css":""},"store":[],"product_cat":[20],"product_tag":[56],"class_list":{"0":"post-4137","1":"product","2":"type-product","3":"status-publish","4":"has-post-thumbnail","6":"product_cat-pet-food","7":"product_tag-pet-food","9":"first","10":"instock","11":"shipping-taxable","12":"product-type-external"},"jetpack_sharing_enabled":true,"_links":{"self":[{"href":"http:\/\/brazucan.com\/index.php\/wp-json\/wp\/v2\/product\/4137","targetHints":{"allow":["GET"]}}],"collection":[{"href":"http:\/\/brazucan.com\/index.php\/wp-json\/wp\/v2\/product"}],"about":[{"href":"http:\/\/brazucan.com\/index.php\/wp-json\/wp\/v2\/types\/product"}],"replies":[{"embeddable":true,"href":"http:\/\/brazucan.com\/index.php\/wp-json\/wp\/v2\/comments?post=4137"}],"wp:featuredmedia":[{"embeddable":true,"href":"http:\/\/brazucan.com\/index.php\/wp-json\/wp\/v2\/media\/4138"}],"wp:attachment":[{"href":"http:\/\/brazucan.com\/index.php\/wp-json\/wp\/v2\/media?parent=4137"}],"wp:term":[{"taxonomy":"store","embeddable":true,"href":"http:\/\/brazucan.com\/index.php\/wp-json\/wp\/v2\/store?post=4137"},{"taxonomy":"product_cat","embeddable":true,"href":"http:\/\/brazucan.com\/index.php\/wp-json\/wp\/v2\/product_cat?post=4137"},{"taxonomy":"product_tag","embeddable":true,"href":"http:\/\/brazucan.com\/index.php\/wp-json\/wp\/v2\/product_tag?post=4137"}],"curies":[{"name":"wp","href":"https:\/\/api.w.org\/{rel}","templated":true}]}}