{"id":5040,"date":"2024-03-14T23:06:12","date_gmt":"2024-03-15T05:06:12","guid":{"rendered":"https:\/\/brazucan.com\/index.php\/product\/michel-germain-sexual-femme\/"},"modified":"2024-03-14T23:06:12","modified_gmt":"2024-03-15T05:06:12","slug":"michel-germain-sexual-femme","status":"publish","type":"product","link":"http:\/\/brazucan.com\/index.php\/product\/michel-germain-sexual-femme\/","title":{"rendered":"Michel Germain Sexual Femme"},"content":{"rendered":"<p><br \/>\nPrice: <span style=\"color:#b12704\"><del>$90.00<\/del> - $75.00<\/span><br \/><i><small>(as of Mar 15, 2024 05:06:12 UTC &#8211; <span class=\"wp_automatic_amazon_disclaimer\" title=\"Product prices and availability are accurate as of the date\/time indicated and are subject to change. Any price and availability information displayed on [relevant Amazon Site(s), as applicable] at the time of purchase will apply to the purchase of this product.\">Details<\/span>)<\/small><\/i><\/p>\n<p><a href=\"https:\/\/www.amazon.ca\/gp\/aws\/cart\/add.html?AssociateTag=brazucan-20&#038;ASIN.1=B002Z7FVVO&#038;Quantity.1=1&#038;SubscriptionId=\"><img decoding=\"async\" src=\"https:\/\/valvepress.s3.amazonaws.com\/imgs\/buy_now.png\"><\/a><br \/>\n<\/p>\n<p>         From the manufacturer                                     <\/p>\n<p>                                                <img decoding=\"async\" alt=\"Sexual Femme Banner\" src=\"https:\/\/images-na.ssl-images-amazon.com\/images\/G\/01\/x-locale\/common\/grey-pixel.gif\" class=\"a-lazy-loaded\" data-src=\"https:\/\/m.media-amazon.com\/images\/S\/aplus-media\/vc\/d93e05c7-c45f-4964-bde6-5770a9073f8d.__CR0,0,2397,719_PT0_SX600_V1___.jpg\"><img decoding=\"async\" alt=\"Sexual Femme Banner\" src=\"https:\/\/m.media-amazon.com\/images\/S\/aplus-media\/vc\/d93e05c7-c45f-4964-bde6-5770a9073f8d.__CR0,0,2397,719_PT0_SX600_V1___.jpg\">       <\/p>\n<p>                                          <img decoding=\"async\" alt=\"Product Image\" src=\"https:\/\/images-na.ssl-images-amazon.com\/images\/G\/01\/x-locale\/common\/grey-pixel.gif\" class=\"a-lazy-loaded\" data-src=\"https:\/\/m.media-amazon.com\/images\/S\/aplus-media\/vc\/47334b56-12ea-476f-bf70-19b53fb89d84.__CR0,0,1024,1024_PT0_SX300_V1___.jpg\"><img decoding=\"async\" alt=\"Product Image\" src=\"https:\/\/m.media-amazon.com\/images\/S\/aplus-media\/vc\/47334b56-12ea-476f-bf70-19b53fb89d84.__CR0,0,1024,1024_PT0_SX300_V1___.jpg\">   <\/p>\n<h3 class=\"a-spacing-mini\"> S\u00e9x\u016bal Femme <\/h3>\n<p> Deliciously feminine.  This enchanting fragrance is oh-so-addictive. <\/p>\n<p> A delicious chocolate accord flows into a pink blend of luscious redberries, raspberries, and delicate rose. sexual femme. Because you are beautiful. <\/p>\n<p> Top Notes: Chocolate Accord, Red Berries Extract, Italian Mandarin Oil, Sweet Indian Basil <\/p>\n<p> Middle Notes: Bulgarian Red Rose, Indian Tuberose, Luscious Raspberry <\/p>\n<p> Heart Notes: Tonka Bean, Indonesian Patchouli, Angelica Seed Oil <\/p>\n<p>                                          <img decoding=\"async\" alt=\"michel\" src=\"https:\/\/images-na.ssl-images-amazon.com\/images\/G\/01\/x-locale\/common\/grey-pixel.gif\" class=\"a-lazy-loaded\" data-src=\"https:\/\/m.media-amazon.com\/images\/S\/aplus-media\/vc\/8476ea2c-0e63-48aa-a9e5-4846436b66bd.__CR0,0,1940,600_PT0_SX970_V1___.jpg\"><img decoding=\"async\" alt=\"michel\" src=\"https:\/\/m.media-amazon.com\/images\/S\/aplus-media\/vc\/8476ea2c-0e63-48aa-a9e5-4846436b66bd.__CR0,0,1940,600_PT0_SX970_V1___.jpg\">   <\/p>\n<h3> The Designer <\/h3>\n<p> Known internationally for their natural oils, his fragrances invite closeness, create allure, and inspire love. It is this element of Michel Germain fragrances that have catapulted the brand into a niche of its very own. <\/p>\n<h3 class=\"a-spacing-small\"> Michel Germain <\/h3>\n<p>\n                                                                  <img decoding=\"async\" alt=\"michel\" src=\"https:\/\/images-na.ssl-images-amazon.com\/images\/G\/01\/x-locale\/common\/grey-pixel.gif\" class=\"a-lazy-loaded\" data-src=\"https:\/\/m.media-amazon.com\/images\/S\/aplus-media\/vc\/40c1b9cd-2b7f-4b04-8865-f66f90176e80.__CR91,0,617,617_PT0_SX220_V1___.jpg\"><\/p>\n<p><img decoding=\"async\" alt=\"michel\" src=\"https:\/\/m.media-amazon.com\/images\/S\/aplus-media\/vc\/40c1b9cd-2b7f-4b04-8865-f66f90176e80.__CR91,0,617,617_PT0_SX220_V1___.jpg\">   <\/p>\n<p>\n                                                                  <img decoding=\"async\" alt=\"michel and norma\" src=\"https:\/\/images-na.ssl-images-amazon.com\/images\/G\/01\/x-locale\/common\/grey-pixel.gif\" class=\"a-lazy-loaded\" data-src=\"https:\/\/m.media-amazon.com\/images\/S\/aplus-media\/vc\/f5d29afb-25dc-4453-889b-052116cec56e.__CR0,0,1000,1000_PT0_SX220_V1___.jpg\"><\/p>\n<p><img decoding=\"async\" alt=\"michel and norma\" src=\"https:\/\/m.media-amazon.com\/images\/S\/aplus-media\/vc\/f5d29afb-25dc-4453-889b-052116cec56e.__CR0,0,1000,1000_PT0_SX220_V1___.jpg\">   <\/p>\n<p>\n                                                                  <img decoding=\"async\" alt=\"michel and flower\" src=\"https:\/\/images-na.ssl-images-amazon.com\/images\/G\/01\/x-locale\/common\/grey-pixel.gif\" class=\"a-lazy-loaded\" data-src=\"https:\/\/m.media-amazon.com\/images\/S\/aplus-media\/vc\/c88e8be8-cb18-4ab9-bdd1-b4194333cc67.__CR87,0,472,472_PT0_SX220_V1___.jpg\"><\/p>\n<p><img decoding=\"async\" alt=\"michel and flower\" src=\"https:\/\/m.media-amazon.com\/images\/S\/aplus-media\/vc\/c88e8be8-cb18-4ab9-bdd1-b4194333cc67.__CR87,0,472,472_PT0_SX220_V1___.jpg\">   <\/p>\n<p>\n                                                                  <img decoding=\"async\" alt=\"michel black and white\" src=\"https:\/\/images-na.ssl-images-amazon.com\/images\/G\/01\/x-locale\/common\/grey-pixel.gif\" class=\"a-lazy-loaded\" data-src=\"https:\/\/m.media-amazon.com\/images\/S\/aplus-media\/vc\/94b05d88-5182-40c0-bab7-e35479dda9f0.__CR0,0,400,400_PT0_SX220_V1___.jpg\"><\/p>\n<p><img decoding=\"async\" alt=\"michel black and white\" src=\"https:\/\/m.media-amazon.com\/images\/S\/aplus-media\/vc\/94b05d88-5182-40c0-bab7-e35479dda9f0.__CR0,0,400,400_PT0_SX220_V1___.jpg\">   <\/p>\n<p>                                                                   &#8220;When they smell your scent, the only place they will want to be is closer&#8221;                                   <\/p>\n<p class=\"a-size-small\"> Michel Germain is the award-winning perfumer who creates luxury fragrances that invite seduction using gorgeous, natural oils. <\/p>\n<p>                                                                   Inspired out of love for his wife                                    <\/p>\n<p class=\"a-size-small\"> Michel began his career out of love for his wife, in search of a fragrance blend that she would fall madly in love with every day. <\/p>\n<p>                                                                   Loved by millions for their one of a kind scents                                   <\/p>\n<p class=\"a-size-small\"> Studying the bibles of perfumery and natural oils in the perfume capital of the world, Grasse, France he became known as the authority in natural oil perfumery <\/p>\n<p>                                                                   #MICHELGERMAIN25YEARS                                   <\/p>\n<p class=\"a-size-small\"> Still owned by Michel Germain, it is the niche fragrance company that has its designer in house, ensuring daily that his luxury fragrances are blended and bottled to his high standards. <\/p>\n<p>                 Add to Cart  <\/p>\n<p>                 Add to Cart  <\/p>\n<p>                 Add to Cart  <\/p>\n<p>                 Add to Cart  <\/p>\n<p>                             Customer Reviews  <\/p>\n<p>                    4.4 out of 5 stars<br \/>\n                385<\/p>\n<p>                    4.1 out of 5 stars<br \/>\n                238<\/p>\n<p>                    4.5 out of 5 stars<br \/>\n                57<\/p>\n<p>                    4.0 out of 5 stars<br \/>\n                57<\/p>\n<p>                    4.0 out of 5 stars<br \/>\n                103<\/p>\n<p>                             Price  <\/p>\n<p>                                          $107.00$107.00     <\/p>\n<p>                                          $107.00$107.00     <\/p>\n<p>                                          $130.00$130.00     <\/p>\n<p>                                            \u2014    <\/p>\n<p>                                          $75.00$75.00     <\/p>\n<p>                             Product Line<br \/>\n                                S\u00e9x\u016bal Sugar              S\u00e9x\u016bal Noir              S\u00e9x\u016bal Paris              Very S\u00e9x\u016bal              S\u00e9x\u016bal Femme          <\/p>\n<p>                             Product Type<br \/>\n                                Eau de Parfum              Eau de Parfum              Eau de Parfum              Eau de Parfum              Eau de Parfum          <\/p>\n<p>                             Fragrance Family<br \/>\n                                Gourmand Floral              Floriental              Floriental              Fruity Oriental              Floriental Fruity          <\/p>\n<p>                             Top Notes<br \/>\n                                Wildberries, Sugar coated orange zest              Succulent Mandarin, Sweet Strawberries, Fresh Lime              French Blackcurrant, Champagne Clementine, Galbanum              Sparkling Mandarin, Orange Blossom, Juicy Raspberry              Chocolate Accord, Red Berries Extract, Italian Mandarin Oil, Sweet Indian Basil          <\/p>\n<p>                             Middle notes<br \/>\n                                Passion flower, Orange water flower, Jasmine              Mysterious Patchouli, Pink Orchid, Pink Sweet Pea, Jasmine              Passionflower, Jasmine, Patchouli              Heady Gardenia, Ginger Lily, Passionate Patchouli              Bulgarian Red Rose, Indian Tuberose, Luscious Raspberry          <\/p>\n<p>                             Heart Notes<br \/>\n                                Fresh roasted almonds, Vanilla creme br\u00fbl\u00e9e, Sandalwood              Vetiver, Warming Vanilla, Precious Amber, Sandalwood              Sophisticated Sandalwood, Modern Amber, Vetiver              Warm Amber, Black Pepper, Creamy Vanilla              Tonka Bean, Indonesian Patchouli, Angelica Seed Oil          <\/p>\n<p> Is discontinued by manufacturer                                    \u200f                                        :                                    \u200e                                 No <br \/> Product Dimensions                                    \u200f                                        :                                    \u200e                                 8.64 x 4.32 x 10.16 cm; 240.97 Grams <br \/> Date First Available                                    \u200f                                        :                                    \u200e                                 Nov. 1 2011 <br \/> Manufacturer                                    \u200f                                        :                                    \u200e                                 Michel Germain <br \/> Place of Business                                    \u200f                                        :                                    \u200e                                 Carleton Place,\u00a0ON\u00a0K7C 3V7, CA <br \/> ASIN                                    \u200f                                        :                                    \u200e                                 B002Z7FVVO <br \/> Item model number                                    \u200f                                        :                                    \u200e                                 09002 <br \/> Country of origin                                    \u200f                                        :                                    \u200e                                 Canada <\/p>\n\n","protected":false},"excerpt":{"rendered":"<p>\n         From the manufacturer                                     <\/p>\n<p>                                                <img decoding=\"async\" alt=\"Sexual Femme Banner\" src=\"https:\/\/images-na.ssl-images-amazon.com\/images\/G\/01\/x-locale\/common\/grey-pixel.gif\" class=\"a-lazy-loaded\" data-src=\"https:\/\/m.media-amazon.com\/images\/S\/aplus-media\/vc\/d93e05c7-c45f-4964-bde6-5770a9073f8d.__CR0,0,2397,719_PT0_SX600_V1___.jpg\"><img decoding=\"async\" alt=\"Sexual Femme Banner\" src=\"https:\/\/m.media-amazon.com\/images\/S\/aplus-media\/vc\/d93e05c7-c45f-4964-bde6-5770a9073f8d.__CR0,0,2397,719_PT0_SX600_V1___.jpg\">       <\/p>\n<p>                                          <img decoding=\"async\" alt=\"Product Image\" src=\"https:\/\/images-na.ssl-images-amazon.com\/images\/G\/01\/x-locale\/common\/grey-pixel.gif\" class=\"a-lazy-loaded\" data-src=\"https:\/\/m.media-amazon.com\/images\/S\/aplus-media\/vc\/47334b56-12ea-476f-bf70-19b53fb89d84.__CR0,0,1024,1024_PT0_SX300_V1___.jpg\"><img decoding=\"async\" alt=\"Product Image\" src=\"https:\/\/m.media-amazon.com\/images\/S\/aplus-media\/vc\/47334b56-12ea-476f-bf70-19b53fb89d84.__CR0,0,1024,1024_PT0_SX300_V1___.jpg\">   <\/p>\n<h3 class=\"a-spacing-mini\"> S\u00e9x\u016bal Femme <\/h3>\n<p> Deliciously feminine.  This enchanting fragrance is oh-so-addictive. <\/p>\n<p> A delicious chocolate accord flows into a pink blend of luscious redberries, raspberries, and delicate rose. sexual femme. Because you are beautiful. <\/p>\n<p> Top Notes: Chocolate Accord, Red Berries Extract, Italian Mandarin Oil, Sweet Indian Basil <\/p>\n<p> Middle Notes: Bulgarian Red Rose, Indian Tuberose, Luscious Raspberry <\/p>\n<p> Heart Notes: Tonka Bean, Indonesian Patchouli, Angelica Seed Oil <\/p>\n<p>                                          <img decoding=\"async\" alt=\"michel\" src=\"https:\/\/images-na.ssl-images-amazon.com\/images\/G\/01\/x-locale\/common\/grey-pixel.gif\" class=\"a-lazy-loaded\" data-src=\"https:\/\/m.media-amazon.com\/images\/S\/aplus-media\/vc\/8476ea2c-0e63-48aa-a9e5-4846436b66bd.__CR0,0,1940,600_PT0_SX970_V1___.jpg\"><img decoding=\"async\" alt=\"michel\" src=\"https:\/\/m.media-amazon.com\/images\/S\/aplus-media\/vc\/8476ea2c-0e63-48aa-a9e5-4846436b66bd.__CR0,0,1940,600_PT0_SX970_V1___.jpg\">   <\/p>\n<h3> The Designer <\/h3>\n<p> Known internationally for their natural oils, his fragrances invite closeness, create allure, and inspire love. It is this element of Michel Germain fragrances that have catapulted the brand into a niche of its very own. <\/p>\n<h3 class=\"a-spacing-small\"> Michel Germain <\/h3>\n<p>\n                                                                  <img decoding=\"async\" alt=\"michel\" src=\"https:\/\/images-na.ssl-images-amazon.com\/images\/G\/01\/x-locale\/common\/grey-pixel.gif\" class=\"a-lazy-loaded\" data-src=\"https:\/\/m.media-amazon.com\/images\/S\/aplus-media\/vc\/40c1b9cd-2b7f-4b04-8865-f66f90176e80.__CR91,0,617,617_PT0_SX220_V1___.jpg\"><\/p>\n<p><img decoding=\"async\" alt=\"michel\" src=\"https:\/\/m.media-amazon.com\/images\/S\/aplus-media\/vc\/40c1b9cd-2b7f-4b04-8865-f66f90176e80.__CR91,0,617,617_PT0_SX220_V1___.jpg\">   <\/p>\n<p>\n                                                                  <img decoding=\"async\" alt=\"michel and norma\" src=\"https:\/\/images-na.ssl-images-amazon.com\/images\/G\/01\/x-locale\/common\/grey-pixel.gif\" class=\"a-lazy-loaded\" data-src=\"https:\/\/m.media-amazon.com\/images\/S\/aplus-media\/vc\/f5d29afb-25dc-4453-889b-052116cec56e.__CR0,0,1000,1000_PT0_SX220_V1___.jpg\"><\/p>\n<p><img decoding=\"async\" alt=\"michel and norma\" src=\"https:\/\/m.media-amazon.com\/images\/S\/aplus-media\/vc\/f5d29afb-25dc-4453-889b-052116cec56e.__CR0,0,1000,1000_PT0_SX220_V1___.jpg\">   <\/p>\n<p>\n                                                                  <img decoding=\"async\" alt=\"michel and flower\" src=\"https:\/\/images-na.ssl-images-amazon.com\/images\/G\/01\/x-locale\/common\/grey-pixel.gif\" class=\"a-lazy-loaded\" data-src=\"https:\/\/m.media-amazon.com\/images\/S\/aplus-media\/vc\/c88e8be8-cb18-4ab9-bdd1-b4194333cc67.__CR87,0,472,472_PT0_SX220_V1___.jpg\"><\/p>\n<p><img decoding=\"async\" alt=\"michel and flower\" src=\"https:\/\/m.media-amazon.com\/images\/S\/aplus-media\/vc\/c88e8be8-cb18-4ab9-bdd1-b4194333cc67.__CR87,0,472,472_PT0_SX220_V1___.jpg\">   <\/p>\n<p>\n                                                                  <img decoding=\"async\" alt=\"michel black and white\" src=\"https:\/\/images-na.ssl-images-amazon.com\/images\/G\/01\/x-locale\/common\/grey-pixel.gif\" class=\"a-lazy-loaded\" data-src=\"https:\/\/m.media-amazon.com\/images\/S\/aplus-media\/vc\/94b05d88-5182-40c0-bab7-e35479dda9f0.__CR0,0,400,400_PT0_SX220_V1___.jpg\"><\/p>\n<p><img decoding=\"async\" alt=\"michel black and white\" src=\"https:\/\/m.media-amazon.com\/images\/S\/aplus-media\/vc\/94b05d88-5182-40c0-bab7-e35479dda9f0.__CR0,0,400,400_PT0_SX220_V1___.jpg\">   <\/p>\n<p>                                                                   &#8220;When they smell your scent, the only place they will want to be is closer&#8221;                                   <\/p>\n<p class=\"a-size-small\"> Michel Germain is the award-winning perfumer who creates luxury fragrances that invite seduction using gorgeous, natural oils. <\/p>\n<p>                                                                   Inspired out of love for his wife                                    <\/p>\n<p class=\"a-size-small\"> Michel began his career out of love for his wife, in search of a fragrance blend that she would fall madly in love with every day. <\/p>\n<p>                                                                   Loved by millions for their one of a kind scents                                   <\/p>\n<p class=\"a-size-small\"> Studying the bibles of perfumery and natural oils in the perfume capital of the world, Grasse, France he became known as the authority in natural oil perfumery <\/p>\n<p>                                                                   #MICHELGERMAIN25YEARS                                   <\/p>\n<p class=\"a-size-small\"> Still owned by Michel Germain, it is the niche fragrance company that has its designer in house, ensuring daily that his luxury fragrances are blended and bottled to his high standards. <\/p>\n<p>                 Add to Cart  <\/p>\n<p>                 Add to Cart  <\/p>\n<p>                 Add to Cart  <\/p>\n<p>                 Add to Cart  <\/p>\n<p>                             Customer Reviews  <\/p>\n<p>                    4.4 out of 5 stars<br \/>\n                385<\/p>\n<p>                    4.1 out of 5 stars<br \/>\n                238<\/p>\n<p>                    4.5 out of 5 stars<br \/>\n                57<\/p>\n<p>                    4.0 out of 5 stars<br \/>\n                57<\/p>\n<p>                    4.0 out of 5 stars<br \/>\n                103<\/p>\n<p>                             Price  <\/p>\n<p>                                          $107.00$107.00     <\/p>\n<p>                                          $107.00$107.00     <\/p>\n<p>                                          $130.00$130.00     <\/p>\n<p>                                            \u2014    <\/p>\n<p>                                          $75.00$75.00     <\/p>\n<p>                             Product Line<br \/>\n                                S\u00e9x\u016bal Sugar              S\u00e9x\u016bal Noir              S\u00e9x\u016bal Paris              Very S\u00e9x\u016bal              S\u00e9x\u016bal Femme          <\/p>\n<p>                             Product Type<br \/>\n                                Eau de Parfum              Eau de Parfum              Eau de Parfum              Eau de Parfum              Eau de Parfum          <\/p>\n<p>                             Fragrance Family<br \/>\n                                Gourmand Floral              Floriental              Floriental              Fruity Oriental              Floriental Fruity          <\/p>\n<p>                             Top Notes<br \/>\n                                Wildberries, Sugar coated orange zest              Succulent Mandarin, Sweet Strawberries, Fresh Lime              French Blackcurrant, Champagne Clementine, Galbanum              Sparkling Mandarin, Orange Blossom, Juicy Raspberry              Chocolate Accord, Red Berries Extract, Italian Mandarin Oil, Sweet Indian Basil          <\/p>\n<p>                             Middle notes<br \/>\n                                Passion flower, Orange water flower, Jasmine              Mysterious Patchouli, Pink Orchid, Pink Sweet Pea, Jasmine              Passionflower, Jasmine, Patchouli              Heady Gardenia, Ginger Lily, Passionate Patchouli              Bulgarian Red Rose, Indian Tuberose, Luscious Raspberry          <\/p>\n<p>                             Heart Notes<br \/>\n                                Fresh roasted almonds, Vanilla creme br\u00fbl\u00e9e, Sandalwood              Vetiver, Warming Vanilla, Precious Amber, Sandalwood              Sophisticated Sandalwood, Modern Amber, Vetiver              Warm Amber, Black Pepper, Creamy Vanilla              Tonka Bean, Indonesian Patchouli, Angelica Seed Oil          <\/p>\n<p> Is discontinued by manufacturer                                    \u200f                                        :                                    \u200e                                 No <br \/> Product Dimensions                                    \u200f                                        :                                    \u200e                                 8.64 x 4.32 x 10.16 cm; 240.97 Grams <br \/> Date First Available                                    \u200f                                        :                                    \u200e                                 Nov. 1 2011 <br \/> Manufacturer                                    \u200f                                        :                                    \u200e                                 Michel Germain <br \/> Place of Business                                    \u200f                                        :                                    \u200e                                 Carleton Place,\u00a0ON\u00a0K7C 3V7, CA <br \/> ASIN                                    \u200f                                        :                                    \u200e                                 B002Z7FVVO <br \/> Item model number                                    \u200f                                        :                                    \u200e                                 09002 <br \/> Country of origin                                    \u200f                                        :                                    \u200e                                 Canada <\/p>\n","protected":false},"featured_media":5041,"comment_status":"open","ping_status":"closed","template":"","meta":{"_gspb_post_css":""},"store":[],"product_cat":[36],"product_tag":[73],"class_list":{"0":"post-5040","1":"product","2":"type-product","3":"status-publish","4":"has-post-thumbnail","6":"product_cat-fragrance","7":"product_tag-fragrance","9":"first","10":"instock","11":"sale","12":"shipping-taxable","13":"product-type-external"},"jetpack_sharing_enabled":true,"_links":{"self":[{"href":"http:\/\/brazucan.com\/index.php\/wp-json\/wp\/v2\/product\/5040","targetHints":{"allow":["GET"]}}],"collection":[{"href":"http:\/\/brazucan.com\/index.php\/wp-json\/wp\/v2\/product"}],"about":[{"href":"http:\/\/brazucan.com\/index.php\/wp-json\/wp\/v2\/types\/product"}],"replies":[{"embeddable":true,"href":"http:\/\/brazucan.com\/index.php\/wp-json\/wp\/v2\/comments?post=5040"}],"wp:featuredmedia":[{"embeddable":true,"href":"http:\/\/brazucan.com\/index.php\/wp-json\/wp\/v2\/media\/5041"}],"wp:attachment":[{"href":"http:\/\/brazucan.com\/index.php\/wp-json\/wp\/v2\/media?parent=5040"}],"wp:term":[{"taxonomy":"store","embeddable":true,"href":"http:\/\/brazucan.com\/index.php\/wp-json\/wp\/v2\/store?post=5040"},{"taxonomy":"product_cat","embeddable":true,"href":"http:\/\/brazucan.com\/index.php\/wp-json\/wp\/v2\/product_cat?post=5040"},{"taxonomy":"product_tag","embeddable":true,"href":"http:\/\/brazucan.com\/index.php\/wp-json\/wp\/v2\/product_tag?post=5040"}],"curies":[{"name":"wp","href":"https:\/\/api.w.org\/{rel}","templated":true}]}}