{"id":6869,"date":"2024-03-17T15:20:23","date_gmt":"2024-03-17T21:20:23","guid":{"rendered":"https:\/\/brazucan.com\/index.php\/product\/rative-newborn-baby-cotton-gloves-sleep-sleeping-no-scratch-mittens-mitts-set-for0-6-months-boys-girls-6-pairs-assorted\/"},"modified":"2024-03-17T15:20:23","modified_gmt":"2024-03-17T21:20:23","slug":"rative-newborn-baby-cotton-gloves-sleep-sleeping-no-scratch-mittens-mitts-set-for0-6-months-boys-girls-6-pairs-assorted","status":"publish","type":"product","link":"http:\/\/brazucan.com\/index.php\/product\/rative-newborn-baby-cotton-gloves-sleep-sleeping-no-scratch-mittens-mitts-set-for0-6-months-boys-girls-6-pairs-assorted\/","title":{"rendered":"RATIVE Newborn Baby Cotton Gloves Sleep Sleeping No Scratch Mittens Mitts Set for0-6 Months Boys Girls (6 Pairs\/Assorted)"},"content":{"rendered":"<p><br \/>\nPrice: <span style=\"color:#b12704\">$12.99<\/span><br \/><i><small>(as of Mar 17, 2024 21:20:24 UTC &#8211; <span class=\"wp_automatic_amazon_disclaimer\" title=\"Product prices and availability are accurate as of the date\/time indicated and are subject to change. Any price and availability information displayed on [relevant Amazon Site(s), as applicable] at the time of purchase will apply to the purchase of this product.\">Details<\/span>)<\/small><\/i><\/p>\n<p><a href=\"https:\/\/www.amazon.ca\/gp\/aws\/cart\/add.html?AssociateTag=brazucan-20&#038;ASIN.1=B01B6IIOQQ&#038;Quantity.1=1&#038;SubscriptionId=\"><img decoding=\"async\" src=\"https:\/\/valvepress.s3.amazonaws.com\/imgs\/buy_now.png\"><\/a><br \/>\n<\/p>\n<p>         Product Description                                     <\/p>\n<p>                                                <img decoding=\"async\" alt=\"RATIVE reci\u00e9n nacido newborn baby girl gifts baby girl accessories regalos de ni\u00f1a reci\u00e9n nacida\" src=\"https:\/\/images-na.ssl-images-amazon.com\/images\/G\/01\/x-locale\/common\/grey-pixel.gif\" class=\"a-lazy-loaded\" data-src=\"https:\/\/m.media-amazon.com\/images\/S\/aplus-media-library-service-media\/a5d46006-7af9-450c-8408-8520e845559d.__CR0,0,600,180_PT0_SX600_V1___.png\"><img decoding=\"async\" alt=\"RATIVE reci\u00e9n nacido newborn baby girl gifts baby girl accessories regalos de ni\u00f1a reci\u00e9n nacida\" src=\"https:\/\/m.media-amazon.com\/images\/S\/aplus-media-library-service-media\/a5d46006-7af9-450c-8408-8520e845559d.__CR0,0,600,180_PT0_SX600_V1___.png\">       <\/p>\n<p>                                          <img decoding=\"async\" alt=\"organic cotton baby mittens newborn organic mitts baby scratch mits girl boy no scratch mittens\" src=\"https:\/\/images-na.ssl-images-amazon.com\/images\/G\/01\/x-locale\/common\/grey-pixel.gif\" class=\"a-lazy-loaded\" data-src=\"https:\/\/m.media-amazon.com\/images\/S\/aplus-media-library-service-media\/b021b225-0eb3-4fec-b119-05e5a26a97af.__CR0,0,970,300_PT0_SX970_V1___.jpg\"><img decoding=\"async\" alt=\"organic cotton baby mittens newborn organic mitts baby scratch mits girl boy no scratch mittens\" src=\"https:\/\/m.media-amazon.com\/images\/S\/aplus-media-library-service-media\/b021b225-0eb3-4fec-b119-05e5a26a97af.__CR0,0,970,300_PT0_SX970_V1___.jpg\">   <\/p>\n<h3> Anti scratch baby mittens <\/h3>\n<p>                                              <img decoding=\"async\" alt=\"Elastic line no fall of no leave mark no irritate\" src=\"https:\/\/images-na.ssl-images-amazon.com\/images\/G\/01\/x-locale\/common\/grey-pixel.gif\" class=\"a-spacing-mini a-lazy-loaded\" data-src=\"https:\/\/m.media-amazon.com\/images\/S\/aplus-media-library-service-media\/33e6604e-6f3a-408b-a7ef-3c794c920249.__CR0,0,300,400_PT0_SX300_V1___.jpg\"><img decoding=\"async\" alt=\"Elastic line no fall of no leave mark no irritate\" src=\"https:\/\/m.media-amazon.com\/images\/S\/aplus-media-library-service-media\/33e6604e-6f3a-408b-a7ef-3c794c920249.__CR0,0,300,400_PT0_SX300_V1___.jpg\">   <\/p>\n<p>                                                      <img decoding=\"async\" alt=\"no leave mark\" src=\"https:\/\/images-na.ssl-images-amazon.com\/images\/G\/01\/x-locale\/common\/grey-pixel.gif\" class=\"a-spacing-mini a-lazy-loaded\" data-src=\"https:\/\/m.media-amazon.com\/images\/S\/aplus-media-library-service-media\/d7b35190-d412-4bc0-b951-fadfb9c9b854.__CR0,0,350,175_PT0_SX350_V1___.jpg\"><img decoding=\"async\" alt=\"no leave mark\" src=\"https:\/\/m.media-amazon.com\/images\/S\/aplus-media-library-service-media\/d7b35190-d412-4bc0-b951-fadfb9c9b854.__CR0,0,350,175_PT0_SX350_V1___.jpg\">                                      For newborn 0-6 Months                               <\/p>\n<p class=\"a-spacing-small a-size-small a-color-secondary\"> Great size with enough space for baby hand and fingers to move inside the mittens. <\/p>\n<p class=\"a-spacing-small a-size-small a-color-secondary\"> The baby will start move the fingers certeinly we are included this space for them too. <\/p>\n<h3 class=\"a-spacing-mini\"> Room to grow while elastic keeps them on  <\/h3>\n<p class=\"a-spacing-base\"> We are professional baby mittens designer. <\/p>\n<p class=\"a-spacing-base\"> Gentle elastic line very importance for baby wrist. This is priority for mittens must haves. <\/p>\n<p>                                                          No fall off       No leave mark       No irritate        Room space for Fingers move in them      <\/p>\n<p>                                                                    <img decoding=\"async\" alt=\"Baby boy girl must have Beb\u00e9 ni\u00f1o ni\u00f1a debe tener 0-6 0-3 months\" src=\"https:\/\/images-na.ssl-images-amazon.com\/images\/G\/01\/x-locale\/common\/grey-pixel.gif\" class=\"a-spacing-base a-lazy-loaded\" data-src=\"https:\/\/m.media-amazon.com\/images\/S\/aplus-media-library-service-media\/8af4d720-24b8-4fbb-9478-d00557c0c2ae.__CR0,0,970,600_PT0_SX970_V1___.png\"><img decoding=\"async\" alt=\"Baby boy girl must have Beb\u00e9 ni\u00f1o ni\u00f1a debe tener 0-6 0-3 months\" src=\"https:\/\/m.media-amazon.com\/images\/S\/aplus-media-library-service-media\/8af4d720-24b8-4fbb-9478-d00557c0c2ae.__CR0,0,970,600_PT0_SX970_V1___.png\">                                                                    <\/p>\n<p>                                          <img decoding=\"async\" alt=\"reci\u00e9n nacido newborn baby girl gifts baby girl accessories regalos de ni\u00f1a reci\u00e9n nacida\" src=\"https:\/\/images-na.ssl-images-amazon.com\/images\/G\/01\/x-locale\/common\/grey-pixel.gif\" class=\"a-lazy-loaded\" data-src=\"https:\/\/m.media-amazon.com\/images\/S\/aplus-media-library-service-media\/aff8ff03-631d-4120-b512-b057a6fb95c3.__CR0,78,4359,1348_PT0_SX970_V1___.jpg\"><img decoding=\"async\" alt=\"reci\u00e9n nacido newborn baby girl gifts baby girl accessories regalos de ni\u00f1a reci\u00e9n nacida\" src=\"https:\/\/m.media-amazon.com\/images\/S\/aplus-media-library-service-media\/aff8ff03-631d-4120-b512-b057a6fb95c3.__CR0,78,4359,1348_PT0_SX970_V1___.jpg\">   <\/p>\n<p> Is discontinued by manufacturer                                    \u200f                                        :                                    \u200e                                 No <br \/> Product Dimensions                                    \u200f                                        :                                    \u200e                                 9.4 x 8.89 x 0.51 cm; 31.75 Grams <br \/> Date First Available                                    \u200f                                        :                                    \u200e                                 Oct. 3 2016 <br \/> Manufacturer                                    \u200f                                        :                                    \u200e                                 RATIVE <br \/> Place of Business                                    \u200f                                        :                                    \u200e                                 RAVIS COMPANY LIMITED <br \/> ASIN                                    \u200f                                        :                                    \u200e                                 B01B6IIOQQ <br \/> Item model number                                    \u200f                                        :                                    \u200e                                 43225-386 <br \/> Country of origin                                    \u200f                                        :                                    \u200e                                 Thailand <br \/> Department<br \/>\n                                    \u200f                                        :                                    \u200e                                 baby-girls <\/p>\n<p>Great size with enough space for hand and fingers to move inside the mittens for newborn baby 0-6 months<br \/>100% Cotton and protects the baby from self scratching<br \/>Designed with gentle elastic line at wrist to keep it on baby&#8217;s tiny hands<br \/>Available in a different colors, the colors are suitable to the baby&#8217;s gender or the buyer&#8217;s preference.<br \/>To preserve the elastic line at wrist. Hand washing is the best or use a laundry bag if it is necessary to wash it with a washing machine.<br \/>\n<br \/><\/p>\n","protected":false},"excerpt":{"rendered":"<p>\n         Product Description                                     <\/p>\n<p>                                                <img decoding=\"async\" alt=\"RATIVE reci\u00e9n nacido newborn baby girl gifts baby girl accessories regalos de ni\u00f1a reci\u00e9n nacida\" src=\"https:\/\/images-na.ssl-images-amazon.com\/images\/G\/01\/x-locale\/common\/grey-pixel.gif\" class=\"a-lazy-loaded\" data-src=\"https:\/\/m.media-amazon.com\/images\/S\/aplus-media-library-service-media\/a5d46006-7af9-450c-8408-8520e845559d.__CR0,0,600,180_PT0_SX600_V1___.png\"><img decoding=\"async\" alt=\"RATIVE reci\u00e9n nacido newborn baby girl gifts baby girl accessories regalos de ni\u00f1a reci\u00e9n nacida\" src=\"https:\/\/m.media-amazon.com\/images\/S\/aplus-media-library-service-media\/a5d46006-7af9-450c-8408-8520e845559d.__CR0,0,600,180_PT0_SX600_V1___.png\">       <\/p>\n<p>                                          <img decoding=\"async\" alt=\"organic cotton baby mittens newborn organic mitts baby scratch mits girl boy no scratch mittens\" src=\"https:\/\/images-na.ssl-images-amazon.com\/images\/G\/01\/x-locale\/common\/grey-pixel.gif\" class=\"a-lazy-loaded\" data-src=\"https:\/\/m.media-amazon.com\/images\/S\/aplus-media-library-service-media\/b021b225-0eb3-4fec-b119-05e5a26a97af.__CR0,0,970,300_PT0_SX970_V1___.jpg\"><img decoding=\"async\" alt=\"organic cotton baby mittens newborn organic mitts baby scratch mits girl boy no scratch mittens\" src=\"https:\/\/m.media-amazon.com\/images\/S\/aplus-media-library-service-media\/b021b225-0eb3-4fec-b119-05e5a26a97af.__CR0,0,970,300_PT0_SX970_V1___.jpg\">   <\/p>\n<h3> Anti scratch baby mittens <\/h3>\n<p>                                              <img decoding=\"async\" alt=\"Elastic line no fall of no leave mark no irritate\" src=\"https:\/\/images-na.ssl-images-amazon.com\/images\/G\/01\/x-locale\/common\/grey-pixel.gif\" class=\"a-spacing-mini a-lazy-loaded\" data-src=\"https:\/\/m.media-amazon.com\/images\/S\/aplus-media-library-service-media\/33e6604e-6f3a-408b-a7ef-3c794c920249.__CR0,0,300,400_PT0_SX300_V1___.jpg\"><img decoding=\"async\" alt=\"Elastic line no fall of no leave mark no irritate\" src=\"https:\/\/m.media-amazon.com\/images\/S\/aplus-media-library-service-media\/33e6604e-6f3a-408b-a7ef-3c794c920249.__CR0,0,300,400_PT0_SX300_V1___.jpg\">   <\/p>\n<p>                                                      <img decoding=\"async\" alt=\"no leave mark\" src=\"https:\/\/images-na.ssl-images-amazon.com\/images\/G\/01\/x-locale\/common\/grey-pixel.gif\" class=\"a-spacing-mini a-lazy-loaded\" data-src=\"https:\/\/m.media-amazon.com\/images\/S\/aplus-media-library-service-media\/d7b35190-d412-4bc0-b951-fadfb9c9b854.__CR0,0,350,175_PT0_SX350_V1___.jpg\"><img decoding=\"async\" alt=\"no leave mark\" src=\"https:\/\/m.media-amazon.com\/images\/S\/aplus-media-library-service-media\/d7b35190-d412-4bc0-b951-fadfb9c9b854.__CR0,0,350,175_PT0_SX350_V1___.jpg\">                                      For newborn 0-6 Months                               <\/p>\n<p class=\"a-spacing-small a-size-small a-color-secondary\"> Great size with enough space for baby hand and fingers to move inside the mittens. <\/p>\n<p class=\"a-spacing-small a-size-small a-color-secondary\"> The baby will start move the fingers certeinly we are included this space for them too. <\/p>\n<h3 class=\"a-spacing-mini\"> Room to grow while elastic keeps them on  <\/h3>\n<p class=\"a-spacing-base\"> We are professional baby mittens designer. <\/p>\n<p class=\"a-spacing-base\"> Gentle elastic line very importance for baby wrist. This is priority for mittens must haves. <\/p>\n<p>                                                          No fall off       No leave mark       No irritate        Room space for Fingers move in them      <\/p>\n<p>                                                                    <img decoding=\"async\" alt=\"Baby boy girl must have Beb\u00e9 ni\u00f1o ni\u00f1a debe tener 0-6 0-3 months\" src=\"https:\/\/images-na.ssl-images-amazon.com\/images\/G\/01\/x-locale\/common\/grey-pixel.gif\" class=\"a-spacing-base a-lazy-loaded\" data-src=\"https:\/\/m.media-amazon.com\/images\/S\/aplus-media-library-service-media\/8af4d720-24b8-4fbb-9478-d00557c0c2ae.__CR0,0,970,600_PT0_SX970_V1___.png\"><img decoding=\"async\" alt=\"Baby boy girl must have Beb\u00e9 ni\u00f1o ni\u00f1a debe tener 0-6 0-3 months\" src=\"https:\/\/m.media-amazon.com\/images\/S\/aplus-media-library-service-media\/8af4d720-24b8-4fbb-9478-d00557c0c2ae.__CR0,0,970,600_PT0_SX970_V1___.png\">                                                                    <\/p>\n<p>                                          <img decoding=\"async\" alt=\"reci\u00e9n nacido newborn baby girl gifts baby girl accessories regalos de ni\u00f1a reci\u00e9n nacida\" src=\"https:\/\/images-na.ssl-images-amazon.com\/images\/G\/01\/x-locale\/common\/grey-pixel.gif\" class=\"a-lazy-loaded\" data-src=\"https:\/\/m.media-amazon.com\/images\/S\/aplus-media-library-service-media\/aff8ff03-631d-4120-b512-b057a6fb95c3.__CR0,78,4359,1348_PT0_SX970_V1___.jpg\"><img decoding=\"async\" alt=\"reci\u00e9n nacido newborn baby girl gifts baby girl accessories regalos de ni\u00f1a reci\u00e9n nacida\" src=\"https:\/\/m.media-amazon.com\/images\/S\/aplus-media-library-service-media\/aff8ff03-631d-4120-b512-b057a6fb95c3.__CR0,78,4359,1348_PT0_SX970_V1___.jpg\">   <\/p>\n<p> Is discontinued by manufacturer                                    \u200f                                        :                                    \u200e                                 No <br \/> Product Dimensions                                    \u200f                                        :                                    \u200e                                 9.4 x 8.89 x 0.51 cm; 31.75 Grams <br \/> Date First Available                                    \u200f                                        :                                    \u200e                                 Oct. 3 2016 <br \/> Manufacturer                                    \u200f                                        :                                    \u200e                                 RATIVE <br \/> Place of Business                                    \u200f                                        :                                    \u200e                                 RAVIS COMPANY LIMITED <br \/> ASIN                                    \u200f                                        :                                    \u200e                                 B01B6IIOQQ <br \/> Item model number                                    \u200f                                        :                                    \u200e                                 43225-386 <br \/> Country of origin                                    \u200f                                        :                                    \u200e                                 Thailand <br \/> Department<br \/>\n                                    \u200f                                        :                                    \u200e                                 baby-girls <\/p>\n<p>Great size with enough space for hand and fingers to move inside the mittens for newborn baby 0-6 months<br \/>100% Cotton and protects the baby from self scratching<br \/>Designed with gentle elastic line at wrist to keep it on baby&#8217;s tiny hands<br \/>Available in a different colors, the colors are suitable to the baby&#8217;s gender or the buyer&#8217;s preference.<br \/>To preserve the elastic line at wrist. Hand washing is the best or use a laundry bag if it is necessary to wash it with a washing machine.<\/p>\n","protected":false},"featured_media":6870,"comment_status":"open","ping_status":"closed","template":"","meta":{"_gspb_post_css":""},"store":[],"product_cat":[48],"product_tag":[62],"class_list":{"0":"post-6869","1":"product","2":"type-product","3":"status-publish","4":"has-post-thumbnail","6":"product_cat-baby-products","7":"product_tag-baby-products","9":"first","10":"instock","11":"shipping-taxable","12":"product-type-external"},"jetpack_sharing_enabled":true,"_links":{"self":[{"href":"http:\/\/brazucan.com\/index.php\/wp-json\/wp\/v2\/product\/6869","targetHints":{"allow":["GET"]}}],"collection":[{"href":"http:\/\/brazucan.com\/index.php\/wp-json\/wp\/v2\/product"}],"about":[{"href":"http:\/\/brazucan.com\/index.php\/wp-json\/wp\/v2\/types\/product"}],"replies":[{"embeddable":true,"href":"http:\/\/brazucan.com\/index.php\/wp-json\/wp\/v2\/comments?post=6869"}],"wp:featuredmedia":[{"embeddable":true,"href":"http:\/\/brazucan.com\/index.php\/wp-json\/wp\/v2\/media\/6870"}],"wp:attachment":[{"href":"http:\/\/brazucan.com\/index.php\/wp-json\/wp\/v2\/media?parent=6869"}],"wp:term":[{"taxonomy":"store","embeddable":true,"href":"http:\/\/brazucan.com\/index.php\/wp-json\/wp\/v2\/store?post=6869"},{"taxonomy":"product_cat","embeddable":true,"href":"http:\/\/brazucan.com\/index.php\/wp-json\/wp\/v2\/product_cat?post=6869"},{"taxonomy":"product_tag","embeddable":true,"href":"http:\/\/brazucan.com\/index.php\/wp-json\/wp\/v2\/product_tag?post=6869"}],"curies":[{"name":"wp","href":"https:\/\/api.w.org\/{rel}","templated":true}]}}