{"id":7411,"date":"2024-03-18T01:09:04","date_gmt":"2024-03-18T07:09:04","guid":{"rendered":"https:\/\/brazucan.com\/index.php\/product\/fragrance-roman-lesbien\/"},"modified":"2024-03-18T01:09:04","modified_gmt":"2024-03-18T07:09:04","slug":"fragrance-roman-lesbien","status":"publish","type":"product","link":"http:\/\/brazucan.com\/index.php\/product\/fragrance-roman-lesbien\/","title":{"rendered":"Fragrance: Roman lesbien"},"content":{"rendered":"<p><br \/>\nPrice: <span style=\"color:#b12704\">$28.07<\/span><br \/><i><small>(as of Mar 18, 2024 07:09:04 UTC &#8211; <span class=\"wp_automatic_amazon_disclaimer\" title=\"Product prices and availability are accurate as of the date\/time indicated and are subject to change. Any price and availability information displayed on [relevant Amazon Site(s), as applicable] at the time of purchase will apply to the purchase of this product.\">Details<\/span>)<\/small><\/i><\/p>\n<p><a href=\"https:\/\/www.amazon.ca\/gp\/aws\/cart\/add.html?AssociateTag=brazucan-20&#038;ASIN.1=2925172814&#038;Quantity.1=1&#038;SubscriptionId=\"><img decoding=\"async\" src=\"https:\/\/valvepress.s3.amazonaws.com\/imgs\/buy_now.png\"><\/a><br \/>\n<br \/>\n  \u25ba R\u00e9sum\u00e9 : Lauren Summers, responsable marketing dans une des plus grandes parfumeries de luxe new-yorkaises, oscille entre son travail qui accapare beaucoup de son temps et son appartement. La jeune femme peu habitu\u00e9e des sorties et des rendez-vous m\u00e8ne une existence morne et inint\u00e9ressante. Alors qu\u2019elle prend le m\u00e9tro comme tous les matins pour aller au bureau, une rencontre inattendue et inesp\u00e9r\u00e9e va bouleverser sa vie et son quotidien.<br \/>\u25ba Nombre de mots : 55350<br \/>\u25ba Genre : romance \u00e9rotique<br \/>\u25ba Public : averti<br \/>\u25ba Niveau d&#8217;\u00e9rotisme : \u2605\u2605\u2605\u2605\u2605<br \/>\u25ba EXTRAIT : Je reste l\u00e0, assise, sans trop oser bouger. P\u00e9trifi\u00e9e, je la regarde \u00e9voluer dans cet espace. Elle va de table en table, passe derri\u00e8re le bar, apporte des bi\u00e8res \u00e0 ces hommes qui la d\u00e9visagent, la d\u00e9sirent. Je me sens jalouse, mal \u00e0 l\u2019aise que d\u2019autres yeux puissent avoir droit \u00e0 cette vision que je veux, \u00e9go\u00efstement, pour moi seule.<br \/>Au bout d\u2019une dizaine de minutes, elle s\u2019avance. Je n\u2019arrive pas \u00e0 changer l\u2019expression sur mon visage. Elle me pla\u00eet et je veux la regarder, voir son corps onduler jusqu\u2019\u00e0 moi. La jeune femme semble concentr\u00e9e pour m\u2019apporter ma commande, mais je comprends rapidement que ce n\u2019est qu\u2019illusion. Elle d\u00e9glutit quand elle arrive \u00e0 ma hauteur. Je me d\u00e9lecte de son odeur quand elle se penche pour poser d\u00e9licatement la boisson couleur lagon devant moi. Sa respiration rapide se voit au mouvement que fait son chemisier. Mon corps devient f\u00e9brile lorsque j\u2019aper\u00e7ois la naissance de sa poitrine.    <\/p>\n<p> Publisher                                    \u200f                                        :                                    \u200e                                 Homoromance \u00c9ditions (Sept. 5 2021) <br \/> Language                                    \u200f                                        :                                    \u200e                                 French <br \/> Paperback                                    \u200f                                        :                                    \u200e                                 250 pages <br \/> ISBN-10                                    \u200f                                        :                                    \u200e                                 2925172814 <br \/> ISBN-13                                    \u200f                                        :                                    \u200e                                 978-2925172819 <br \/> Item weight                                    \u200f                                        :                                    \u200e                                 340 g <br \/> Dimensions                                    \u200f                                        :                                    \u200e                                 12.7 x 1.6 x 20.32 cm <\/p>\n\n","protected":false},"excerpt":{"rendered":"<p>  \u25ba R\u00e9sum\u00e9 : Lauren Summers, responsable marketing dans une des plus grandes parfumeries de luxe new-yorkaises, oscille entre son travail qui accapare beaucoup de son temps et son appartement. La jeune femme peu habitu\u00e9e des sorties et des rendez-vous m\u00e8ne une existence morne et inint\u00e9ressante. Alors qu\u2019elle prend le m\u00e9tro comme tous les matins pour aller au bureau, une rencontre inattendue et inesp\u00e9r\u00e9e va bouleverser sa vie et son quotidien.<br \/>\u25ba Nombre de mots : 55350<br \/>\u25ba Genre : romance \u00e9rotique<br \/>\u25ba Public : averti<br \/>\u25ba Niveau d&#8217;\u00e9rotisme : \u2605\u2605\u2605\u2605\u2605<br \/>\u25ba EXTRAIT : Je reste l\u00e0, assise, sans trop oser bouger. P\u00e9trifi\u00e9e, je la regarde \u00e9voluer dans cet espace. Elle va de table en table, passe derri\u00e8re le bar, apporte des bi\u00e8res \u00e0 ces hommes qui la d\u00e9visagent, la d\u00e9sirent. Je me sens jalouse, mal \u00e0 l\u2019aise que d\u2019autres yeux puissent avoir droit \u00e0 cette vision que je veux, \u00e9go\u00efstement, pour moi seule.<br \/>Au bout d\u2019une dizaine de minutes, elle s\u2019avance. Je n\u2019arrive pas \u00e0 changer l\u2019expression sur mon visage. Elle me pla\u00eet et je veux la regarder, voir son corps onduler jusqu\u2019\u00e0 moi. La jeune femme semble concentr\u00e9e pour m\u2019apporter ma commande, mais je comprends rapidement que ce n\u2019est qu\u2019illusion. Elle d\u00e9glutit quand elle arrive \u00e0 ma hauteur. Je me d\u00e9lecte de son odeur quand elle se penche pour poser d\u00e9licatement la boisson couleur lagon devant moi. Sa respiration rapide se voit au mouvement que fait son chemisier. Mon corps devient f\u00e9brile lorsque j\u2019aper\u00e7ois la naissance de sa poitrine.    <\/p>\n<p> Publisher                                    \u200f                                        :                                    \u200e                                 Homoromance \u00c9ditions (Sept. 5 2021) <br \/> Language                                    \u200f                                        :                                    \u200e                                 French <br \/> Paperback                                    \u200f                                        :                                    \u200e                                 250 pages <br \/> ISBN-10                                    \u200f                                        :                                    \u200e                                 2925172814 <br \/> ISBN-13                                    \u200f                                        :                                    \u200e                                 978-2925172819 <br \/> Item weight                                    \u200f                                        :                                    \u200e                                 340 g <br \/> Dimensions                                    \u200f                                        :                                    \u200e                                 12.7 x 1.6 x 20.32 cm <\/p>\n","protected":false},"featured_media":7412,"comment_status":"open","ping_status":"closed","template":"","meta":{"_gspb_post_css":""},"store":[],"product_cat":[36],"product_tag":[73],"class_list":{"0":"post-7411","1":"product","2":"type-product","3":"status-publish","4":"has-post-thumbnail","6":"product_cat-fragrance","7":"product_tag-fragrance","9":"first","10":"instock","11":"shipping-taxable","12":"product-type-external"},"jetpack_sharing_enabled":true,"_links":{"self":[{"href":"http:\/\/brazucan.com\/index.php\/wp-json\/wp\/v2\/product\/7411","targetHints":{"allow":["GET"]}}],"collection":[{"href":"http:\/\/brazucan.com\/index.php\/wp-json\/wp\/v2\/product"}],"about":[{"href":"http:\/\/brazucan.com\/index.php\/wp-json\/wp\/v2\/types\/product"}],"replies":[{"embeddable":true,"href":"http:\/\/brazucan.com\/index.php\/wp-json\/wp\/v2\/comments?post=7411"}],"wp:featuredmedia":[{"embeddable":true,"href":"http:\/\/brazucan.com\/index.php\/wp-json\/wp\/v2\/media\/7412"}],"wp:attachment":[{"href":"http:\/\/brazucan.com\/index.php\/wp-json\/wp\/v2\/media?parent=7411"}],"wp:term":[{"taxonomy":"store","embeddable":true,"href":"http:\/\/brazucan.com\/index.php\/wp-json\/wp\/v2\/store?post=7411"},{"taxonomy":"product_cat","embeddable":true,"href":"http:\/\/brazucan.com\/index.php\/wp-json\/wp\/v2\/product_cat?post=7411"},{"taxonomy":"product_tag","embeddable":true,"href":"http:\/\/brazucan.com\/index.php\/wp-json\/wp\/v2\/product_tag?post=7411"}],"curies":[{"name":"wp","href":"https:\/\/api.w.org\/{rel}","templated":true}]}}