{"id":9808,"date":"2024-03-25T01:05:07","date_gmt":"2024-03-25T07:05:07","guid":{"rendered":"https:\/\/brazucan.com\/index.php\/product\/wound-wash-and-skin-health-hydrogel-spray-for-pets-dogs-cats-perfect-for-dog-first-aid-kit-by-microcynah-240-g\/"},"modified":"2024-03-25T01:05:07","modified_gmt":"2024-03-25T07:05:07","slug":"wound-wash-and-skin-health-hydrogel-spray-for-pets-dogs-cats-perfect-for-dog-first-aid-kit-by-microcynah-240-g","status":"publish","type":"product","link":"http:\/\/brazucan.com\/index.php\/product\/wound-wash-and-skin-health-hydrogel-spray-for-pets-dogs-cats-perfect-for-dog-first-aid-kit-by-microcynah-240-g\/","title":{"rendered":"Wound Wash and Skin Health Hydrogel Spray for Pets, Dogs, Cats, Perfect for Dog First Aid Kit by MicrocynAH, 240 g"},"content":{"rendered":"<p><br \/>\nPrice: <span style=\"color:#b12704\">$29.99<\/span><br \/><i><small>(as of Mar 25, 2024 07:05:08 UTC &#8211; <span class=\"wp_automatic_amazon_disclaimer\" title=\"Product prices and availability are accurate as of the date\/time indicated and are subject to change. Any price and availability information displayed on [relevant Amazon Site(s), as applicable] at the time of purchase will apply to the purchase of this product.\">Details<\/span>)<\/small><\/i><\/p>\n<p><a href=\"https:\/\/www.amazon.ca\/gp\/aws\/cart\/add.html?AssociateTag=brazucan-20&#038;ASIN.1=B09XC13VPB&#038;Quantity.1=1&#038;SubscriptionId=\"><img decoding=\"async\" src=\"https:\/\/valvepress.s3.amazonaws.com\/imgs\/buy_now.png\"><\/a><br \/>\n<br \/>\n <span>EN: RECOMMENDED USE: A comprehensive skin function product that helps to optimize and improve skin health. Promotes and maintains the health and function of the skin by supporting the body&#8217;s natural defenses. Recommended by veterinarians for all breeds and weight ranges. <br \/>FR : UTILISATION RECOMMAND\u00c9E: Un produit complet pour les fonctions de la peau qui aide \u00e0 optimiser et \u00e0 am\u00e9liorer la sant\u00e9 de la peau. Favorise et maintient la sant\u00e9 et la fonction de la peau en soutenant les d\u00e9fenses naturelles du corps. Recommand\u00e9 par les v\u00e9t\u00e9rinaires pour toutes les races et gammes de poids.<\/span>  <br \/> Parcel Dimensions                                    \u200f                                        :                                    \u200e                                 16.2 x 5.3 x 5.1 cm; 290 Grams <br \/> Date First Available                                    \u200f                                        :                                    \u200e                                 April 6 2022 <br \/> Manufacturer                                    \u200f                                        :                                    \u200e                                 Oculus Technologies of Mexico S.A. de C.V. <br \/> ASIN                                    \u200f                                        :                                    \u200e                                 B09XC13VPB <br \/> Item model number                                    \u200f                                        :                                    \u200e                                 M2042 NA <br \/> Country of origin                                    \u200f                                        :                                    \u200e                                 Mexico <\/p>\n<p>FAST ACTING PET WOUND AND SKIN CARE &#8211; MicrocynAH is an immediate acting, one-step topical hypochlorous acid (HOCl) solution for the care of pet wounds and skin irritations.<br \/>TREAT MULTIPLE WOUNDS AND SKIN CONDITIONS &#8211; Use MicrocynAH to manage and treat any number of skin abrasions, lacerations, minor irritations, cuts and intact skin. Also aids in the healing process by debriding and cleaning wounds, cuts and lacerations. You can also use it to irrigate and clean eyes (intact cornea) and outer ears as well as reduce wound odour.<br \/>SAFE AND EFFECTIVE FOR YOUR PET &#8211; Rest assured that it is non-toxic, steroid-free, antibiotic-free and will not sting when applied. Your beloved pet may lick it with no negative effects. MicrocynAH is safe for your dogs, cats and other mammals.<br \/>LONG LASTING PRODUCT &#8211; Hydrochlorous acid (HOCl), while extremely effective for wound care, is normally unstable and degrades rather quickly over time. Unlike its competitors using HOCl, MicrocynAH is formulated using a patented technology that ensures superior stability. Each bottle of MicrocynAH has up to 36 months of shelf life, ready to treat your pet when it needs it most.<br \/>CONDITIONS THAT MICROCYNAH TREATS INCLUDE: hot spots, persistent itching, allergy sites, fecal or urine contact skin irritations, pink eyes, eye and ear abrasions and irritation, acute and chronic wounds, wounds, burns, post-surgical wounds, skin ulcerations, lacerations and cuts.<br \/>\n<br \/><\/p>\n","protected":false},"excerpt":{"rendered":"<p> <span>EN: RECOMMENDED USE: A comprehensive skin function product that helps to optimize and improve skin health. Promotes and maintains the health and function of the skin by supporting the body&#8217;s natural defenses. Recommended by veterinarians for all breeds and weight ranges. <br \/>FR : UTILISATION RECOMMAND\u00c9E: Un produit complet pour les fonctions de la peau qui aide \u00e0 optimiser et \u00e0 am\u00e9liorer la sant\u00e9 de la peau. Favorise et maintient la sant\u00e9 et la fonction de la peau en soutenant les d\u00e9fenses naturelles du corps. Recommand\u00e9 par les v\u00e9t\u00e9rinaires pour toutes les races et gammes de poids.<\/span>  <br \/> Parcel Dimensions                                    \u200f                                        :                                    \u200e                                 16.2 x 5.3 x 5.1 cm; 290 Grams <br \/> Date First Available                                    \u200f                                        :                                    \u200e                                 April 6 2022 <br \/> Manufacturer                                    \u200f                                        :                                    \u200e                                 Oculus Technologies of Mexico S.A. de C.V. <br \/> ASIN                                    \u200f                                        :                                    \u200e                                 B09XC13VPB <br \/> Item model number                                    \u200f                                        :                                    \u200e                                 M2042 NA <br \/> Country of origin                                    \u200f                                        :                                    \u200e                                 Mexico <\/p>\n<p>FAST ACTING PET WOUND AND SKIN CARE &#8211; MicrocynAH is an immediate acting, one-step topical hypochlorous acid (HOCl) solution for the care of pet wounds and skin irritations.<br \/>TREAT MULTIPLE WOUNDS AND SKIN CONDITIONS &#8211; Use MicrocynAH to manage and treat any number of skin abrasions, lacerations, minor irritations, cuts and intact skin. Also aids in the healing process by debriding and cleaning wounds, cuts and lacerations. You can also use it to irrigate and clean eyes (intact cornea) and outer ears as well as reduce wound odour.<br \/>SAFE AND EFFECTIVE FOR YOUR PET &#8211; Rest assured that it is non-toxic, steroid-free, antibiotic-free and will not sting when applied. Your beloved pet may lick it with no negative effects. MicrocynAH is safe for your dogs, cats and other mammals.<br \/>LONG LASTING PRODUCT &#8211; Hydrochlorous acid (HOCl), while extremely effective for wound care, is normally unstable and degrades rather quickly over time. Unlike its competitors using HOCl, MicrocynAH is formulated using a patented technology that ensures superior stability. Each bottle of MicrocynAH has up to 36 months of shelf life, ready to treat your pet when it needs it most.<br \/>CONDITIONS THAT MICROCYNAH TREATS INCLUDE: hot spots, persistent itching, allergy sites, fecal or urine contact skin irritations, pink eyes, eye and ear abrasions and irritation, acute and chronic wounds, wounds, burns, post-surgical wounds, skin ulcerations, lacerations and cuts.<\/p>\n","protected":false},"featured_media":9809,"comment_status":"open","ping_status":"closed","template":"","meta":{"_gspb_post_css":""},"store":[],"product_cat":[21],"product_tag":[55],"class_list":{"0":"post-9808","1":"product","2":"type-product","3":"status-publish","4":"has-post-thumbnail","6":"product_cat-pet-medicine","7":"product_tag-pet-medicine","9":"first","10":"instock","11":"shipping-taxable","12":"product-type-external"},"jetpack_sharing_enabled":true,"_links":{"self":[{"href":"http:\/\/brazucan.com\/index.php\/wp-json\/wp\/v2\/product\/9808","targetHints":{"allow":["GET"]}}],"collection":[{"href":"http:\/\/brazucan.com\/index.php\/wp-json\/wp\/v2\/product"}],"about":[{"href":"http:\/\/brazucan.com\/index.php\/wp-json\/wp\/v2\/types\/product"}],"replies":[{"embeddable":true,"href":"http:\/\/brazucan.com\/index.php\/wp-json\/wp\/v2\/comments?post=9808"}],"wp:featuredmedia":[{"embeddable":true,"href":"http:\/\/brazucan.com\/index.php\/wp-json\/wp\/v2\/media\/9809"}],"wp:attachment":[{"href":"http:\/\/brazucan.com\/index.php\/wp-json\/wp\/v2\/media?parent=9808"}],"wp:term":[{"taxonomy":"store","embeddable":true,"href":"http:\/\/brazucan.com\/index.php\/wp-json\/wp\/v2\/store?post=9808"},{"taxonomy":"product_cat","embeddable":true,"href":"http:\/\/brazucan.com\/index.php\/wp-json\/wp\/v2\/product_cat?post=9808"},{"taxonomy":"product_tag","embeddable":true,"href":"http:\/\/brazucan.com\/index.php\/wp-json\/wp\/v2\/product_tag?post=9808"}],"curies":[{"name":"wp","href":"https:\/\/api.w.org\/{rel}","templated":true}]}}