{"id":6267,"date":"2024-03-16T02:29:17","date_gmt":"2024-03-16T08:29:17","guid":{"rendered":"http:\/\/brazucan.com\/index.php\/product\/billie-eilish-womens-billie-eilish-au-revoir-happier-than-ever-button\/"},"modified":"2024-03-16T02:29:17","modified_gmt":"2024-03-16T08:29:17","slug":"billie-eilish-womens-billie-eilish-au-revoir-happier-than-ever-button","status":"publish","type":"product","link":"https:\/\/brazucan.com\/index.php\/product\/billie-eilish-womens-billie-eilish-au-revoir-happier-than-ever-button\/","title":{"rendered":"Billie Eilish womens Billie Eilish Au Revoir Happier Than Ever Button"},"content":{"rendered":"<p><br \/>\nPrice: <span style=\"color:#b12704\">$14.77<\/span><br \/><i><small>(as of Mar 16, 2024 08:29:17 UTC &#8211; <span class=\"wp_automatic_amazon_disclaimer\" title=\"Product prices and availability are accurate as of the date\/time indicated and are subject to change. Any price and availability information displayed on [relevant Amazon Site(s), as applicable] at the time of purchase will apply to the purchase of this product.\">Details<\/span>)<\/small><\/i><\/p>\n<p><a href=\"https:\/\/www.amazon.ca\/gp\/aws\/cart\/add.html?AssociateTag=brazucan-20&#038;ASIN.1=B094JZCK3M&#038;Quantity.1=1&#038;SubscriptionId=\"><img decoding=\"async\" src=\"https:\/\/valvepress.s3.amazonaws.com\/imgs\/buy_now.png\"><\/a><br \/>\n<br \/>\n <span>Produit officiel Billie Eilish 2021. Depuis l&#8217;\u00e2ge de 13 ans, Billie Eilish est devenu une ic\u00f4ne de la musique et du style \u00e0 travers le monde. Elle est connue pour ses voix envo\u00fbtantes et son style unique et continue de tester ses limites avec sa cr\u00e9ativit\u00e9 et son talent dans son album sophomore, plus heureux que jamais.<\/p>\n<p>Official Billie Eilish Merchandise, 2021. Since the age of 13, Billie Eilish has become a music and style icon across the globe. She is known for her haunting vocals and unique style and continues to test boundaries with her creativity and talent in her sophomore album, Happier Than Ever.<\/span>  <br \/> Date First Available                                    \u200f                                        :                                    \u200e                                 Oct. 16 2021 <br \/> Manufacturer                                    \u200f                                        :                                    \u200e                                 Billie Eilish <br \/> ASIN                                    \u200f                                        :                                    \u200e                                 B09JM8BGQZ <br \/> Department<br \/>\n                                    \u200f                                        :                                    \u200e                                 womens <\/p>\n\n","protected":false},"excerpt":{"rendered":"<p> <span>Produit officiel Billie Eilish 2021. Depuis l&#8217;\u00e2ge de 13 ans, Billie Eilish est devenu une ic\u00f4ne de la musique et du style \u00e0 travers le monde. Elle est connue pour ses voix envo\u00fbtantes et son style unique et continue de tester ses limites avec sa cr\u00e9ativit\u00e9 et son talent dans son album sophomore, plus heureux que jamais.<\/p>\n<p>Official Billie Eilish Merchandise, 2021. Since the age of 13, Billie Eilish has become a music and style icon across the globe. She is known for her haunting vocals and unique style and continues to test boundaries with her creativity and talent in her sophomore album, Happier Than Ever.<\/span>  <br \/> Date First Available                                    \u200f                                        :                                    \u200e                                 Oct. 16 2021 <br \/> Manufacturer                                    \u200f                                        :                                    \u200e                                 Billie Eilish <br \/> ASIN                                    \u200f                                        :                                    \u200e                                 B09JM8BGQZ <br \/> Department<br \/>\n                                    \u200f                                        :                                    \u200e                                 womens <\/p>\n","protected":false},"featured_media":6268,"comment_status":"open","ping_status":"closed","template":"","meta":{"_gspb_post_css":""},"store":[],"product_cat":[25],"product_tag":[51],"class_list":{"0":"post-6267","1":"product","2":"type-product","3":"status-publish","4":"has-post-thumbnail","6":"product_cat-women-clothes","7":"product_tag-women-clothes","9":"first","10":"instock","11":"shipping-taxable","12":"product-type-external"},"jetpack_sharing_enabled":true,"_links":{"self":[{"href":"https:\/\/brazucan.com\/index.php\/wp-json\/wp\/v2\/product\/6267","targetHints":{"allow":["GET"]}}],"collection":[{"href":"https:\/\/brazucan.com\/index.php\/wp-json\/wp\/v2\/product"}],"about":[{"href":"https:\/\/brazucan.com\/index.php\/wp-json\/wp\/v2\/types\/product"}],"replies":[{"embeddable":true,"href":"https:\/\/brazucan.com\/index.php\/wp-json\/wp\/v2\/comments?post=6267"}],"wp:featuredmedia":[{"embeddable":true,"href":"https:\/\/brazucan.com\/index.php\/wp-json\/wp\/v2\/media\/6268"}],"wp:attachment":[{"href":"https:\/\/brazucan.com\/index.php\/wp-json\/wp\/v2\/media?parent=6267"}],"wp:term":[{"taxonomy":"store","embeddable":true,"href":"https:\/\/brazucan.com\/index.php\/wp-json\/wp\/v2\/store?post=6267"},{"taxonomy":"product_cat","embeddable":true,"href":"https:\/\/brazucan.com\/index.php\/wp-json\/wp\/v2\/product_cat?post=6267"},{"taxonomy":"product_tag","embeddable":true,"href":"https:\/\/brazucan.com\/index.php\/wp-json\/wp\/v2\/product_tag?post=6267"}],"curies":[{"name":"wp","href":"https:\/\/api.w.org\/{rel}","templated":true}]}}